{"id":1174,"date":"2020-01-20T17:33:45","date_gmt":"2020-01-20T17:33:45","guid":{"rendered":"https:\/\/www.smartset.pt\/how-to-create-a-successful-event\/"},"modified":"2020-01-20T17:33:46","modified_gmt":"2020-01-20T17:33:46","slug":"how-to-create-a-successful-event","status":"publish","type":"page","link":"https:\/\/www.smartset.pt\/en\/how-to-create-a-successful-event\/","title":{"rendered":"How to create a successful event?"},"content":{"rendered":"<p>[et_pb_section bb_built=&#8221;1&#8243; _builder_version=&#8221;3.19.15&#8243; custom_padding_last_edited=&#8221;off|phone&#8221; background_color=&#8221;#2ea3f2&#8243; inner_width=&#8221;auto&#8221; inner_max_width=&#8221;none&#8221;][et_pb_row _builder_version=&#8221;3.0.48&#8243; background_size=&#8221;initial&#8221; background_position=&#8221;top_left&#8221; background_repeat=&#8221;repeat&#8221; width=&#8221;80%&#8221; max_width=&#8221;1080px&#8221;][et_pb_column type=&#8221;4_4&#8243;][et_pb_text _builder_version=&#8221;3.19.15&#8243; background_layout=&#8221;dark&#8221;]<\/p>\n<h1 class=\"p1\" style=\"text-align: center\"><b>Organize your business event as a professional!<\/b><\/h1>\n<p>[\/et_pb_text][\/et_pb_column][\/et_pb_row][et_pb_row _builder_version=&#8221;3.19.15&#8243; use_custom_gutter=&#8221;on&#8221; gutter_width=&#8221;2&#8243; width=&#8221;80%&#8221; max_width=&#8221;1080px&#8221;][et_pb_column type=&#8221;2_3&#8243;][et_pb_image _builder_version=&#8221;3.22.7&#8243; src=&#8221;https:\/\/www.smartset.pt\/wp-content\/uploads\/2019\/05\/smart-set-guia-sucesso-empresa-2.png&#8221; z_index_tablet=&#8221;500&#8243; \/][\/et_pb_column][et_pb_column type=&#8221;1_3&#8243;][et_pb_text _builder_version=&#8221;3.19.15&#8243; background_layout=&#8221;dark&#8221; custom_margin=&#8221;25px||0px|&#8221; text_font_size=&#8221;16px&#8221;]<\/p>\n<p>Smart Set business events had more than 17,000 participants. Fruit of our experience, we have put together all the tips for a successful event. <strong>Download your PDF!<\/strong><\/p>\n<h4 class=\"p1\"><b>It&#8217;s free!<\/b><\/h4>\n<p>[\/et_pb_text][et_pb_code _builder_version=&#8221;3.19.15&#8243; disabled_on=&#8221;on|on|on&#8221; disabled=&#8221;on&#8221;]<div class=\"et_bloom_inline_form et_bloom_optin et_bloom_make_form_visible et_bloom_optin_5\" style=\"display: none;\">\n\t\t\t\t<style type=\"text\/css\">.et_bloom .et_bloom_optin_5 .et_bloom_form_content { background-color: #009de8 !important; } .et_bloom .et_bloom_optin_5 .et_bloom_form_container .et_bloom_form_header { background-color: #009de8 !important; } .et_bloom .et_bloom_optin_5 .et_bloom_form_content button { background-color: #ffffff !important; } .et_bloom .et_bloom_optin_5 .et_bloom_form_content .et_bloom_fields i { color: #ffffff !important; } .et_bloom .et_bloom_optin_5 .et_bloom_form_content .et_bloom_custom_field_radio i:before { background: #ffffff !important; } .et_bloom .et_bloom_optin_5 .et_bloom_form_content button { background-color: #ffffff !important; } .et_bloom .et_bloom_optin_5 .et_bloom_form_container h2, .et_bloom .et_bloom_optin_5 .et_bloom_form_container h2 span, .et_bloom .et_bloom_optin_5 .et_bloom_form_container h2 strong { font-family: \"Open Sans\", Helvetica, Arial, Lucida, sans-serif; }.et_bloom .et_bloom_optin_5 .et_bloom_form_container p, .et_bloom .et_bloom_optin_5 .et_bloom_form_container p span, .et_bloom .et_bloom_optin_5 .et_bloom_form_container p strong, .et_bloom .et_bloom_optin_5 .et_bloom_form_container form input, .et_bloom .et_bloom_optin_5 .et_bloom_form_container form button span { font-family: \"Open Sans\", Helvetica, Arial, Lucida, sans-serif; } .et_bloom .et_bloom_form_container .et_bloom_form_content { padding: 0 !important; } span.et_bloom_custom_field_options_title{display:none !important;} .et_bloom_form_header.et_bloom_header_text_dark{display:none}<\/style>\n\t\t\t\t<div class=\"et_bloom_form_container  et_bloom_rounded et_bloom_form_text_light et_bloom_form_bottom et_bloom_inline_2_fields\">\n\t\t\t\t\t\n\t\t\t<div class=\"et_bloom_form_container_wrapper clearfix et_bloom_with_custom_fields\">\n\t\t\t\t<div class=\"et_bloom_header_outer\">\n\t\t\t\t\t<div class=\"et_bloom_form_header et_bloom_header_text_dark\">\n\t\t\t\t\t\t\n\t\t\t\t\t\t<div class=\"et_bloom_form_text\">\n\t\t\t\t\t\t<h2>asd<\/h2><p>aadsaasasd<\/p>\n\t\t\t\t\t<\/div>\n\t\t\t\t\t\t\n\t\t\t\t\t<\/div>\n\t\t\t\t<\/div>\n\t\t\t\t<div class=\"et_bloom_form_content et_bloom_2_fields et_bloom_bottom_stacked\">\n\t\t\t\t\t\n\t\t\t\t\t\n\t\t\t\t\t<form method=\"post\" class=\"clearfix\">\n\t\t\t\t\t\t<div class=\"et_bloom_fields\">\n\t\t\t\t\t\t\t<p class=\"et_bloom_popup_input et_bloom_subscribe_name\">\n\t\t\t\t\t\t\t\t<input placeholder=\"Nome\" maxlength=\"50\">\n\t\t\t\t\t\t\t<\/p>\n\t\t\t\t\t\t\t<p class=\"et_bloom_popup_input et_bloom_subscribe_email\">\n\t\t\t\t\t\t\t\t<input placeholder=\"Email\">\n\t\t\t\t\t\t\t<\/p>\n\t\t\t\t\t\t\t<p class=\"et_bloom_custom_field et_bloom_fullwidth_field et_bloom_popup_input\"><input type=\"text\" name=\"et_bloom_custom_field_optin_5_4\" data-id=\"4\" placeholder=\"Telefone\" data-field_type=\"input\" data-required_mark=\"required\" \/><\/p><p class=\"et_bloom_custom_field et_bloom_fullwidth_field et_bloom_popup_input\"><input type=\"text\" name=\"et_bloom_custom_field_optin_5_5\" data-id=\"5\" placeholder=\"Empresa\" data-field_type=\"input\" data-required_mark=\"required\" \/><\/p><p class=\"et_bloom_custom_field et_bloom_fullwidth_field\"><input class=\"et_bloom_checkbox_handle\" type=\"hidden\" name=\"et_bloom_custom_field_optin_5_1cbf773350\" data-field_type=\"checkbox\" data-id=\"1cbf773350\" data-required_mark=\"required\">\n\t\t\t\t\t\t<span class=\"et_bloom_custom_field_options_wrapper\">\n\t\t\t\t\t\t\t<span class=\"et_bloom_custom_field_options_title\">GDPR Consent<\/span>\n\t\t\t\t\t\t\t<span class=\"et_bloom_custom_field_options_list\"><span class=\"et_bloom_custom_field_checkbox\">\n\t\t\t\t\t\t\t\t<input type=\"checkbox\" id=\"et_bloom_custom_field_optin_5_1cbf773350_b77a71ba62\" value=\"Li e concordo com as ofertas e os termos do servi\u00e7o*\" data-id=\"b77a71ba62\"\/>\n\t\t\t\t\t\t\t\t<label for=\"et_bloom_custom_field_optin_5_1cbf773350_b77a71ba62\"><i><\/i>Li e concordo com as ofertas e os termos do servi\u00e7o*<\/label>\n\t\t\t\t\t\t\t<\/span><\/span>\n\t\t\t\t\t\t<\/span><\/p>\n\t\t\t\t\t\t\t<button data-optin_id=\"optin_5\" data-service=\"mailchimp\" data-list_id=\"9e43c5e378\" data-page_id=\"1174\" data-account=\"Smartset\" data-ip_address=\"false\" class=\"et_bloom_submit_subscription\">\n\t\t\t\t\t\t\t\t<span class=\"et_bloom_subscribe_loader\"><\/span>\n\t\t\t\t\t\t\t\t<span class=\"et_bloom_button_text et_bloom_button_text_color_dark\">Quero receber!<\/span>\n\t\t\t\t\t\t\t<\/button>\n\t\t\t\t\t\t<\/div>\n\t\t\t\t\t<\/form>\n\t\t\t\t\t<div class=\"et_bloom_success_container\">\n\t\t\t\t\t\t<span class=\"et_bloom_success_checkmark\"><\/span>\n\t\t\t\t\t<\/div>\n\t\t\t\t\t<h2 class=\"et_bloom_success_message\">Agradecemos a subscri\u00e7\u00e3o. Em breve, vai receber o link para download.<\/h2>\n\t\t\t\t\t<div class=\"et_bloom_form_footer\"><p style=\"color: #fff; line-height: 15px;\">* A sua privacidade \u00e9 muito importante para n\u00f3s. Ao aceitar os termos e condi\u00e7\u00f5es, aceita receber a nossa enewsletter trimestral. Os seus dados est\u00e3o protegidos de acordo com o novo regulamento geral de prote\u00e7\u00e3o de dados (RGPD) e poder\u00e1 sempre cancelar a sua subscri\u00e7\u00e3o no link \"Deixar de receber\" em cada enewsletter.<\/p><\/div>\n\t\t\t\t<\/div>\n\t\t\t<\/div>\n\t\t\t<span class=\"et_bloom_close_button\"><\/span>\n\t\t\t\t<\/div>\n\t\t\t<\/div>[\/et_pb_code][et_pb_code _builder_version=&#8221;3.19.15&#8243;]<script>(function() {\n\twindow.mc4wp = window.mc4wp || {\n\t\tlisteners: [],\n\t\tforms: {\n\t\t\ton: function(evt, cb) {\n\t\t\t\twindow.mc4wp.listeners.push(\n\t\t\t\t\t{\n\t\t\t\t\t\tevent   : evt,\n\t\t\t\t\t\tcallback: cb\n\t\t\t\t\t}\n\t\t\t\t);\n\t\t\t}\n\t\t}\n\t}\n})();\n<\/script><!-- Mailchimp for WordPress v4.12.1 - https:\/\/wordpress.org\/plugins\/mailchimp-for-wp\/ --><form id=\"mc4wp-form-1\" class=\"mc4wp-form mc4wp-form-902 mc4wp-form-basic\" method=\"post\" data-id=\"902\" data-name=\"PDF Offer\" ><div class=\"mc4wp-form-fields\"><style>\r\n  .mc4wp-success{\r\n  \tcolor: white !important;\r\n    font-weight:600;\r\n    font-size: 16px;\r\n    margin-top:50px;\r\n  }\r\n  .mc4wp-form-fields input{\r\n    padding:10px !important;\r\n    background-color: rgba(0,0,0,0.15);\r\n    color: #fff !important;\r\n  \tfont-weight:600;\r\n    font-size: 14px;\r\n    -moz-border-radius: 3px !important;\r\n    -webkit-border-radius: 3px !important;\r\n    border-radius: 3px !important;\r\n    box-sizing: border-box;\r\n    border: none;\r\n  }\r\n  .mc4wp-form-basic input[type=submit]{\r\n  \twidth: 100%;\r\n    background: white;\r\n    color: #333 !important;\r\n  }\r\n  .mc4wp-form-fields label {\r\n    color: white;\r\n  }\r\n  \r\n  .mc4wp-form-fields input::placeholder { \/* Chrome, Firefox, Opera, Safari 10.1+ *\/\r\n  color: white;\r\n  opacity: 1; \/* Firefox *\/\r\n}\r\n\r\n.mc4wp-form-fields input:-ms-input-placeholder { \/* Internet Explorer 10-11 *\/\r\n  color: white;\r\n}\r\n\r\n.mc4wp-form-fields input::-ms-input-placeholder { \/* Microsoft Edge *\/\r\n  color: white;\r\n}\r\n  \r\n  .mc4wp-form-basic .mc4wp-notice{\r\n    margin-top: 20px;\r\n  \tcolor: white;\r\n    font-weight: bold;\r\n    text-align: center;\r\n  } \r\n<\/style>\r\n<p>\r\n    <input type=\"text\" name=\"FNAME\" placeholder=\"Nome\" required=\"\">\r\n<\/p>\r\n<p>\r\n\t<input type=\"email\" name=\"EMAIL\" placeholder=\"Email\" required \/>\r\n<\/p>\r\n<p>\r\n    <input type=\"tel\" name=\"PHONE\" placeholder=\"Telefone\">\r\n<\/p>\r\n<p>\r\n    <input type=\"text\" name=\"COMPANY\" placeholder=\"Empresa\">\r\n<\/p>\r\n<p>\r\n    <label>\r\n        <input name=\"AGREE_TO_TERMS\" type=\"checkbox\" value=\"1\" required=\"\">Li e concordo com as ofertas e os termos do servi\u00e7o*<\/label>\r\n<\/p>\r\n\r\n<p>\r\n\t<input type=\"submit\" value=\"Quero Receber\" \/>\r\n<\/p>\r\n<p style=\"color:white;font-size:11px;\">\r\n* A sua privacidade \u00e9 muito importante para n\u00f3s. Ao aceitar os termos e condi\u00e7\u00f5es, aceita receber a nossa enewsletter trimestral. Os seus dados est\u00e3o protegidos de acordo com o novo regulamento geral de prote\u00e7\u00e3o de dados (RGPD) e poder\u00e1 sempre cancelar a sua subscri\u00e7\u00e3o no link \"Deixar de receber\" em cada enewsletter.\r\n<\/p>\r\n<\/div><label style=\"display: none !important;\">Leave this field empty if you're human: <input type=\"text\" name=\"_mc4wp_honeypot\" value=\"\" tabindex=\"-1\" autocomplete=\"off\" \/><\/label><input type=\"hidden\" name=\"_mc4wp_timestamp\" value=\"1776368631\" \/><input type=\"hidden\" name=\"_mc4wp_form_id\" value=\"902\" \/><input type=\"hidden\" name=\"_mc4wp_form_element_id\" value=\"mc4wp-form-1\" \/><div class=\"mc4wp-response\"><\/div><\/form><!-- \/ Mailchimp for WordPress Plugin -->[\/et_pb_code][\/et_pb_column][\/et_pb_row][\/et_pb_section]<\/p>\n","protected":false},"excerpt":{"rendered":"<p>All the questions, ideas and answers you&#8217;re looking for.<\/p>\n","protected":false},"author":1,"featured_media":1115,"parent":0,"menu_order":0,"comment_status":"closed","ping_status":"closed","template":"","meta":{"_et_pb_use_builder":"on","_et_pb_old_content":"","_et_gb_content_width":"","_monsterinsights_skip_tracking":false,"_monsterinsights_sitenote_active":false,"_monsterinsights_sitenote_note":"","_monsterinsights_sitenote_category":0,"footnotes":""},"class_list":["post-1174","page","type-page","status-publish","has-post-thumbnail","hentry"],"yoast_head":"<!-- This site is optimized with the Yoast SEO plugin v27.4 - https:\/\/yoast.com\/product\/yoast-seo-wordpress\/ -->\n<title>How to create a successful event? - Smart Set<\/title>\n<meta name=\"description\" content=\"Business events without setbacks. A FREE guide! \ud83d\udce5\" \/>\n<meta name=\"robots\" content=\"index, follow, max-snippet:-1, max-image-preview:large, max-video-preview:-1\" \/>\n<link rel=\"canonical\" href=\"https:\/\/www.smartset.pt\/en\/how-to-create-a-successful-event\/\" \/>\n<meta property=\"og:locale\" content=\"en_US\" \/>\n<meta property=\"og:type\" content=\"article\" \/>\n<meta property=\"og:title\" content=\"How to create a successful event? - Smart Set\" \/>\n<meta property=\"og:description\" content=\"Business events without setbacks. A FREE guide! \ud83d\udce5\" \/>\n<meta property=\"og:url\" content=\"https:\/\/www.smartset.pt\/en\/how-to-create-a-successful-event\/\" \/>\n<meta property=\"og:site_name\" content=\"Smart Set\" \/>\n<meta property=\"article:publisher\" content=\"https:\/\/www.facebook.com\/smartset.pt\" \/>\n<meta property=\"article:modified_time\" content=\"2020-01-20T17:33:46+00:00\" \/>\n<meta property=\"og:image\" content=\"https:\/\/www.smartset.pt\/wp-content\/uploads\/2019\/05\/smart-set-donwload-guia-empresa.png\" \/>\n\t<meta property=\"og:image:width\" content=\"1080\" \/>\n\t<meta property=\"og:image:height\" content=\"1080\" \/>\n\t<meta property=\"og:image:type\" content=\"image\/png\" \/>\n<meta name=\"twitter:card\" content=\"summary_large_image\" \/>\n<meta name=\"twitter:label1\" content=\"Est. reading time\" \/>\n\t<meta name=\"twitter:data1\" content=\"1 minute\" \/>\n<script type=\"application\/ld+json\" class=\"yoast-schema-graph\">{\"@context\":\"https:\\\/\\\/schema.org\",\"@graph\":[{\"@type\":[\"WebPage\",\"AboutPage\"],\"@id\":\"https:\\\/\\\/www.smartset.pt\\\/en\\\/how-to-create-a-successful-event\\\/\",\"url\":\"https:\\\/\\\/www.smartset.pt\\\/en\\\/how-to-create-a-successful-event\\\/\",\"name\":\"How to create a successful event? - Smart Set\",\"isPartOf\":{\"@id\":\"https:\\\/\\\/www.smartset.pt\\\/en\\\/#website\"},\"primaryImageOfPage\":{\"@id\":\"https:\\\/\\\/www.smartset.pt\\\/en\\\/how-to-create-a-successful-event\\\/#primaryimage\"},\"image\":{\"@id\":\"https:\\\/\\\/www.smartset.pt\\\/en\\\/how-to-create-a-successful-event\\\/#primaryimage\"},\"thumbnailUrl\":\"https:\\\/\\\/www.smartset.pt\\\/wp-content\\\/uploads\\\/2019\\\/05\\\/smart-set-donwload-guia-empresa.png\",\"datePublished\":\"2020-01-20T17:33:45+00:00\",\"dateModified\":\"2020-01-20T17:33:46+00:00\",\"description\":\"Business events without setbacks. A FREE guide! \ud83d\udce5\",\"breadcrumb\":{\"@id\":\"https:\\\/\\\/www.smartset.pt\\\/en\\\/how-to-create-a-successful-event\\\/#breadcrumb\"},\"inLanguage\":\"en-US\",\"potentialAction\":[{\"@type\":\"ReadAction\",\"target\":[\"https:\\\/\\\/www.smartset.pt\\\/en\\\/how-to-create-a-successful-event\\\/\"]}]},{\"@type\":\"ImageObject\",\"inLanguage\":\"en-US\",\"@id\":\"https:\\\/\\\/www.smartset.pt\\\/en\\\/how-to-create-a-successful-event\\\/#primaryimage\",\"url\":\"https:\\\/\\\/www.smartset.pt\\\/wp-content\\\/uploads\\\/2019\\\/05\\\/smart-set-donwload-guia-empresa.png\",\"contentUrl\":\"https:\\\/\\\/www.smartset.pt\\\/wp-content\\\/uploads\\\/2019\\\/05\\\/smart-set-donwload-guia-empresa.png\",\"width\":1080,\"height\":1080},{\"@type\":\"BreadcrumbList\",\"@id\":\"https:\\\/\\\/www.smartset.pt\\\/en\\\/how-to-create-a-successful-event\\\/#breadcrumb\",\"itemListElement\":[{\"@type\":\"ListItem\",\"position\":1,\"name\":\"In\u00edcio\",\"item\":\"https:\\\/\\\/www.smartset.pt\\\/en\\\/\"},{\"@type\":\"ListItem\",\"position\":2,\"name\":\"How to create a successful event?\"}]},{\"@type\":\"WebSite\",\"@id\":\"https:\\\/\\\/www.smartset.pt\\\/en\\\/#website\",\"url\":\"https:\\\/\\\/www.smartset.pt\\\/en\\\/\",\"name\":\"Smart Set\",\"description\":\"Empresa de Eventos Empresariais na zona Norte.\",\"publisher\":{\"@id\":\"https:\\\/\\\/www.smartset.pt\\\/en\\\/#organization\"},\"potentialAction\":[{\"@type\":\"SearchAction\",\"target\":{\"@type\":\"EntryPoint\",\"urlTemplate\":\"https:\\\/\\\/www.smartset.pt\\\/en\\\/?s={search_term_string}\"},\"query-input\":{\"@type\":\"PropertyValueSpecification\",\"valueRequired\":true,\"valueName\":\"search_term_string\"}}],\"inLanguage\":\"en-US\"},{\"@type\":\"Organization\",\"@id\":\"https:\\\/\\\/www.smartset.pt\\\/en\\\/#organization\",\"name\":\"Smart Set\",\"url\":\"https:\\\/\\\/www.smartset.pt\\\/en\\\/\",\"logo\":{\"@type\":\"ImageObject\",\"inLanguage\":\"en-US\",\"@id\":\"https:\\\/\\\/www.smartset.pt\\\/en\\\/#\\\/schema\\\/logo\\\/image\\\/\",\"url\":\"https:\\\/\\\/www.smartset.pt\\\/wp-content\\\/uploads\\\/2018\\\/01\\\/smartset-img.png\",\"contentUrl\":\"https:\\\/\\\/www.smartset.pt\\\/wp-content\\\/uploads\\\/2018\\\/01\\\/smartset-img.png\",\"width\":1200,\"height\":630,\"caption\":\"Smart Set\"},\"image\":{\"@id\":\"https:\\\/\\\/www.smartset.pt\\\/en\\\/#\\\/schema\\\/logo\\\/image\\\/\"},\"sameAs\":[\"https:\\\/\\\/www.facebook.com\\\/smartset.pt\",\"https:\\\/\\\/www.instagram.com\\\/smartset_eventos\\\/\",\"https:\\\/\\\/www.linkedin.com\\\/company\\\/smartset-pt\\\/?viewAsMember=true\"]}]}<\/script>\n<!-- \/ Yoast SEO plugin. -->","yoast_head_json":{"title":"How to create a successful event? - Smart Set","description":"Business events without setbacks. A FREE guide! \ud83d\udce5","robots":{"index":"index","follow":"follow","max-snippet":"max-snippet:-1","max-image-preview":"max-image-preview:large","max-video-preview":"max-video-preview:-1"},"canonical":"https:\/\/www.smartset.pt\/en\/how-to-create-a-successful-event\/","og_locale":"en_US","og_type":"article","og_title":"How to create a successful event? - Smart Set","og_description":"Business events without setbacks. A FREE guide! \ud83d\udce5","og_url":"https:\/\/www.smartset.pt\/en\/how-to-create-a-successful-event\/","og_site_name":"Smart Set","article_publisher":"https:\/\/www.facebook.com\/smartset.pt","article_modified_time":"2020-01-20T17:33:46+00:00","og_image":[{"width":1080,"height":1080,"url":"https:\/\/www.smartset.pt\/wp-content\/uploads\/2019\/05\/smart-set-donwload-guia-empresa.png","type":"image\/png"}],"twitter_card":"summary_large_image","twitter_misc":{"Est. reading time":"1 minute"},"schema":{"@context":"https:\/\/schema.org","@graph":[{"@type":["WebPage","AboutPage"],"@id":"https:\/\/www.smartset.pt\/en\/how-to-create-a-successful-event\/","url":"https:\/\/www.smartset.pt\/en\/how-to-create-a-successful-event\/","name":"How to create a successful event? - Smart Set","isPartOf":{"@id":"https:\/\/www.smartset.pt\/en\/#website"},"primaryImageOfPage":{"@id":"https:\/\/www.smartset.pt\/en\/how-to-create-a-successful-event\/#primaryimage"},"image":{"@id":"https:\/\/www.smartset.pt\/en\/how-to-create-a-successful-event\/#primaryimage"},"thumbnailUrl":"https:\/\/www.smartset.pt\/wp-content\/uploads\/2019\/05\/smart-set-donwload-guia-empresa.png","datePublished":"2020-01-20T17:33:45+00:00","dateModified":"2020-01-20T17:33:46+00:00","description":"Business events without setbacks. A FREE guide! \ud83d\udce5","breadcrumb":{"@id":"https:\/\/www.smartset.pt\/en\/how-to-create-a-successful-event\/#breadcrumb"},"inLanguage":"en-US","potentialAction":[{"@type":"ReadAction","target":["https:\/\/www.smartset.pt\/en\/how-to-create-a-successful-event\/"]}]},{"@type":"ImageObject","inLanguage":"en-US","@id":"https:\/\/www.smartset.pt\/en\/how-to-create-a-successful-event\/#primaryimage","url":"https:\/\/www.smartset.pt\/wp-content\/uploads\/2019\/05\/smart-set-donwload-guia-empresa.png","contentUrl":"https:\/\/www.smartset.pt\/wp-content\/uploads\/2019\/05\/smart-set-donwload-guia-empresa.png","width":1080,"height":1080},{"@type":"BreadcrumbList","@id":"https:\/\/www.smartset.pt\/en\/how-to-create-a-successful-event\/#breadcrumb","itemListElement":[{"@type":"ListItem","position":1,"name":"In\u00edcio","item":"https:\/\/www.smartset.pt\/en\/"},{"@type":"ListItem","position":2,"name":"How to create a successful event?"}]},{"@type":"WebSite","@id":"https:\/\/www.smartset.pt\/en\/#website","url":"https:\/\/www.smartset.pt\/en\/","name":"Smart Set","description":"Empresa de Eventos Empresariais na zona Norte.","publisher":{"@id":"https:\/\/www.smartset.pt\/en\/#organization"},"potentialAction":[{"@type":"SearchAction","target":{"@type":"EntryPoint","urlTemplate":"https:\/\/www.smartset.pt\/en\/?s={search_term_string}"},"query-input":{"@type":"PropertyValueSpecification","valueRequired":true,"valueName":"search_term_string"}}],"inLanguage":"en-US"},{"@type":"Organization","@id":"https:\/\/www.smartset.pt\/en\/#organization","name":"Smart Set","url":"https:\/\/www.smartset.pt\/en\/","logo":{"@type":"ImageObject","inLanguage":"en-US","@id":"https:\/\/www.smartset.pt\/en\/#\/schema\/logo\/image\/","url":"https:\/\/www.smartset.pt\/wp-content\/uploads\/2018\/01\/smartset-img.png","contentUrl":"https:\/\/www.smartset.pt\/wp-content\/uploads\/2018\/01\/smartset-img.png","width":1200,"height":630,"caption":"Smart Set"},"image":{"@id":"https:\/\/www.smartset.pt\/en\/#\/schema\/logo\/image\/"},"sameAs":["https:\/\/www.facebook.com\/smartset.pt","https:\/\/www.instagram.com\/smartset_eventos\/","https:\/\/www.linkedin.com\/company\/smartset-pt\/?viewAsMember=true"]}]}},"_links":{"self":[{"href":"https:\/\/www.smartset.pt\/en\/wp-json\/wp\/v2\/pages\/1174","targetHints":{"allow":["GET"]}}],"collection":[{"href":"https:\/\/www.smartset.pt\/en\/wp-json\/wp\/v2\/pages"}],"about":[{"href":"https:\/\/www.smartset.pt\/en\/wp-json\/wp\/v2\/types\/page"}],"author":[{"embeddable":true,"href":"https:\/\/www.smartset.pt\/en\/wp-json\/wp\/v2\/users\/1"}],"replies":[{"embeddable":true,"href":"https:\/\/www.smartset.pt\/en\/wp-json\/wp\/v2\/comments?post=1174"}],"version-history":[{"count":0,"href":"https:\/\/www.smartset.pt\/en\/wp-json\/wp\/v2\/pages\/1174\/revisions"}],"wp:featuredmedia":[{"embeddable":true,"href":"https:\/\/www.smartset.pt\/en\/wp-json\/wp\/v2\/media\/1115"}],"wp:attachment":[{"href":"https:\/\/www.smartset.pt\/en\/wp-json\/wp\/v2\/media?parent=1174"}],"curies":[{"name":"wp","href":"https:\/\/api.w.org\/{rel}","templated":true}]}}